{"id":8125,"date":"2025-05-22T12:05:34","date_gmt":"2025-05-22T10:05:34","guid":{"rendered":"https:\/\/groetschelgruppe.de\/imprint\/"},"modified":"2026-02-04T15:07:41","modified_gmt":"2026-02-04T14:07:41","slug":"imprint","status":"publish","type":"page","link":"https:\/\/groetschelgruppe.de\/en\/imprint\/","title":{"rendered":"Imprint"},"content":{"rendered":"\t\t<div data-elementor-type=\"wp-page\" data-elementor-id=\"8125\" class=\"elementor elementor-8125 elementor-2712\" data-elementor-post-type=\"page\">\n\t\t\t\t<div class=\"elementor-element elementor-element-e40774e e-con-full e-flex e-con e-parent\" data-id=\"e40774e\" data-element_type=\"container\" data-e-type=\"container\" id=\"content\">\n\t\t<div class=\"elementor-element elementor-element-801800e e-con-full e-flex e-con e-child\" data-id=\"801800e\" data-element_type=\"container\" data-e-type=\"container\" data-settings=\"{&quot;background_background&quot;:&quot;classic&quot;}\">\n\t\t\t\t<\/div>\n\t\t\t\t<\/div>\n\t\t<div class=\"elementor-element elementor-element-08c59ca e-con-full e-flex e-con e-parent\" data-id=\"08c59ca\" data-element_type=\"container\" data-e-type=\"container\">\n\t\t<div class=\"elementor-element elementor-element-823857c e-con-full e-flex e-con e-child\" data-id=\"823857c\" data-element_type=\"container\" data-e-type=\"container\" data-settings=\"{&quot;background_background&quot;:&quot;classic&quot;}\">\n\t\t\t\t<div class=\"elementor-element elementor-element-e204453 elementor-widget elementor-widget-text-editor\" data-id=\"e204453\" data-element_type=\"widget\" data-e-type=\"widget\" data-widget_type=\"text-editor.default\">\n\t\t\t\t<div class=\"elementor-widget-container\">\n\t\t\t\t\t\t\t\t\t<p>Gr\u00f6tschel GmbH<br>Kamenzer Stra\u00dfe 5<br>02994 Bernsdorf OT Stra\u00dfgr\u00e4bchen<\/p>\t\t\t\t\t\t\t\t<\/div>\n\t\t\t\t<\/div>\n\t\t<div class=\"elementor-element elementor-element-d785348 e-con-full e-flex e-con e-child\" data-id=\"d785348\" data-element_type=\"container\" data-e-type=\"container\">\n\t\t\t\t<div class=\"elementor-element elementor-element-a67c697 elementor-widget elementor-widget-heading\" data-id=\"a67c697\" data-element_type=\"widget\" data-e-type=\"widget\" data-widget_type=\"heading.default\">\n\t\t\t\t<div class=\"elementor-widget-container\">\n\t\t\t\t\t<h2 class=\"elementor-heading-title elementor-size-default\">Represented by<\/h2>\t\t\t\t<\/div>\n\t\t\t\t<\/div>\n\t\t\t\t<div class=\"elementor-element elementor-element-5d809f6 elementor-widget elementor-widget-text-editor\" data-id=\"5d809f6\" data-element_type=\"widget\" data-e-type=\"widget\" data-widget_type=\"text-editor.default\">\n\t\t\t\t<div class=\"elementor-widget-container\">\n\t\t\t\t\t\t\t\t\t<p>Sven Gr\u00f6tschel &amp; Jane Ludwig<\/p>\t\t\t\t\t\t\t\t<\/div>\n\t\t\t\t<\/div>\n\t\t\t\t<\/div>\n\t\t<div class=\"elementor-element elementor-element-01b8473 e-con-full e-flex e-con e-child\" data-id=\"01b8473\" data-element_type=\"container\" data-e-type=\"container\">\n\t\t\t\t<div class=\"elementor-element elementor-element-a5dfac1 elementor-widget elementor-widget-heading\" data-id=\"a5dfac1\" data-element_type=\"widget\" data-e-type=\"widget\" data-widget_type=\"heading.default\">\n\t\t\t\t<div class=\"elementor-widget-container\">\n\t\t\t\t\t<h2 class=\"elementor-heading-title elementor-size-default\">Contact<\/h2>\t\t\t\t<\/div>\n\t\t\t\t<\/div>\n\t\t\t\t<div class=\"elementor-element elementor-element-e8b3d05 elementor-widget elementor-widget-text-editor\" data-id=\"e8b3d05\" data-element_type=\"widget\" data-e-type=\"widget\" data-widget_type=\"text-editor.default\">\n\t\t\t\t<div class=\"elementor-widget-container\">\n\t\t\t\t\t\t\t\t\t<p>Telephone: <a href=\"tel:+493572393330\">+49 35723 93330<\/a><br>Telefax: <a href=\"tel:+4935723933329\">+49 35723 933329<\/a><br>E-mail: <a href=\"mailto:info@groetschelgruppe.de\">info@groetschelgruppe.de<\/a><\/p>\t\t\t\t\t\t\t\t<\/div>\n\t\t\t\t<\/div>\n\t\t\t\t<\/div>\n\t\t<div class=\"elementor-element elementor-element-8d58cb1 e-con-full e-flex e-con e-child\" data-id=\"8d58cb1\" data-element_type=\"container\" data-e-type=\"container\">\n\t\t\t\t<div class=\"elementor-element elementor-element-1141313 elementor-widget elementor-widget-heading\" data-id=\"1141313\" data-element_type=\"widget\" data-e-type=\"widget\" data-widget_type=\"heading.default\">\n\t\t\t\t<div class=\"elementor-widget-container\">\n\t\t\t\t\t<h2 class=\"elementor-heading-title elementor-size-default\">Register Entry<\/h2>\t\t\t\t<\/div>\n\t\t\t\t<\/div>\n\t\t\t\t<div class=\"elementor-element elementor-element-09f74f0 elementor-widget elementor-widget-text-editor\" data-id=\"09f74f0\" data-element_type=\"widget\" data-e-type=\"widget\" data-widget_type=\"text-editor.default\">\n\t\t\t\t<div class=\"elementor-widget-container\">\n\t\t\t\t\t\t\t\t\t<p>Entry in the Commercial Register.<br>Registry Court: District Court Dresden<br>Registration Number: HRB 26313<\/p>\t\t\t\t\t\t\t\t<\/div>\n\t\t\t\t<\/div>\n\t\t\t\t<\/div>\n\t\t<div class=\"elementor-element elementor-element-3566678 e-con-full e-flex e-con e-child\" data-id=\"3566678\" data-element_type=\"container\" data-e-type=\"container\">\n\t\t\t\t<div class=\"elementor-element elementor-element-56e401a elementor-widget elementor-widget-heading\" data-id=\"56e401a\" data-element_type=\"widget\" data-e-type=\"widget\" data-widget_type=\"heading.default\">\n\t\t\t\t<div class=\"elementor-widget-container\">\n\t\t\t\t\t<h2 class=\"elementor-heading-title elementor-size-default\">VAT<\/h2>\t\t\t\t<\/div>\n\t\t\t\t<\/div>\n\t\t\t\t<div class=\"elementor-element elementor-element-e7e7c81 elementor-widget elementor-widget-text-editor\" data-id=\"e7e7c81\" data-element_type=\"widget\" data-e-type=\"widget\" data-widget_type=\"text-editor.default\">\n\t\t\t\t<div class=\"elementor-widget-container\">\n\t\t\t\t\t\t\t\t\t<p>VAT Identification Number in accordance with Section 27 a of the German VAT Act: DE257340280<\/p>\t\t\t\t\t\t\t\t<\/div>\n\t\t\t\t<\/div>\n\t\t\t\t<\/div>\n\t\t\t\t<\/div>\n\t\t<div class=\"elementor-element elementor-element-6715a25 e-con-full e-flex e-con e-child\" data-id=\"6715a25\" data-element_type=\"container\" data-e-type=\"container\">\n\t\t\t\t<div class=\"elementor-element elementor-element-26a0b9c elementor-widget elementor-widget-spacer\" data-id=\"26a0b9c\" data-element_type=\"widget\" data-e-type=\"widget\" data-widget_type=\"spacer.default\">\n\t\t\t\t<div class=\"elementor-widget-container\">\n\t\t\t\t\t\t\t<div class=\"elementor-spacer\">\n\t\t\t<div class=\"elementor-spacer-inner\"><\/div>\n\t\t<\/div>\n\t\t\t\t\t\t<\/div>\n\t\t\t\t<\/div>\n\t\t<div class=\"elementor-element elementor-element-9f40c2f e-con-full e-flex e-con e-child\" data-id=\"9f40c2f\" data-element_type=\"container\" data-e-type=\"container\">\n\t\t\t\t<div class=\"elementor-element elementor-element-c8813f2 elementor-widget elementor-widget-heading\" data-id=\"c8813f2\" data-element_type=\"widget\" data-e-type=\"widget\" data-widget_type=\"heading.default\">\n\t\t\t\t<div class=\"elementor-widget-container\">\n\t\t\t\t\t<h2 class=\"elementor-heading-title elementor-size-default\">Dispute Resolution<\/h2>\t\t\t\t<\/div>\n\t\t\t\t<\/div>\n\t\t\t\t<div class=\"elementor-element elementor-element-5e6ca2e elementor-widget elementor-widget-text-editor\" data-id=\"5e6ca2e\" data-element_type=\"widget\" data-e-type=\"widget\" data-widget_type=\"text-editor.default\">\n\t\t\t\t<div class=\"elementor-widget-container\">\n\t\t\t\t\t\t\t\t\t<p>We are not willing or obligated to participate in dispute resolution proceedings before a consumer arbitration board.<\/p><p>Place of Jurisdiction: Dresden<\/p>\t\t\t\t\t\t\t\t<\/div>\n\t\t\t\t<\/div>\n\t\t\t\t<\/div>\n\t\t<div class=\"elementor-element elementor-element-6765892 e-con-full e-flex e-con e-child\" data-id=\"6765892\" data-element_type=\"container\" data-e-type=\"container\">\n\t\t\t\t<div class=\"elementor-element elementor-element-fb4b037 elementor-widget elementor-widget-heading\" data-id=\"fb4b037\" data-element_type=\"widget\" data-e-type=\"widget\" data-widget_type=\"heading.default\">\n\t\t\t\t<div class=\"elementor-widget-container\">\n\t\t\t\t\t<h2 class=\"elementor-heading-title elementor-size-default\">Liability for Content<\/h2>\t\t\t\t<\/div>\n\t\t\t\t<\/div>\n\t\t\t\t<div class=\"elementor-element elementor-element-060019a elementor-widget elementor-widget-text-editor\" data-id=\"060019a\" data-element_type=\"widget\" data-e-type=\"widget\" data-widget_type=\"text-editor.default\">\n\t\t\t\t<div class=\"elementor-widget-container\">\n\t\t\t\t\t\t\t\t\t<p>As a service provider, we are responsible for our own content on these pages in accordance with Section 7 (1) of the German Telemedia Act (TMG) and general laws. However, according to Sections 8 to 10 TMG, we are not obligated as a service provider to monitor transmitted or stored third-party information or to investigate circumstances that indicate illegal activity.  <\/p><p>Obligations to remove or block the use of information under general laws remain unaffected. However, liability in this regard is only possible from the time of knowledge of a specific legal infringement. Upon becoming aware of such infringements, we will immediately remove this content.  <\/p>\t\t\t\t\t\t\t\t<\/div>\n\t\t\t\t<\/div>\n\t\t\t\t<\/div>\n\t\t<div class=\"elementor-element elementor-element-6e4c9be e-con-full e-flex e-con e-child\" data-id=\"6e4c9be\" data-element_type=\"container\" data-e-type=\"container\">\n\t\t\t\t<div class=\"elementor-element elementor-element-0051bc7 elementor-widget elementor-widget-heading\" data-id=\"0051bc7\" data-element_type=\"widget\" data-e-type=\"widget\" data-widget_type=\"heading.default\">\n\t\t\t\t<div class=\"elementor-widget-container\">\n\t\t\t\t\t<h2 class=\"elementor-heading-title elementor-size-default\">Liability for Links<\/h2>\t\t\t\t<\/div>\n\t\t\t\t<\/div>\n\t\t\t\t<div class=\"elementor-element elementor-element-8830ac9 elementor-widget elementor-widget-text-editor\" data-id=\"8830ac9\" data-element_type=\"widget\" data-e-type=\"widget\" data-widget_type=\"text-editor.default\">\n\t\t\t\t<div class=\"elementor-widget-container\">\n\t\t\t\t\t\t\t\t\t<p>Our offering contains links to external third-party websites, over whose content we have no influence. Therefore, we cannot assume any liability for this external content. The respective provider or operator of the linked pages is always responsible for their content. The linked pages were checked for possible legal violations at the time of linking. No illegal content was discernible at the time of linking.    <\/p><p>However, permanent content control of the linked pages is not reasonable without concrete indications of a legal infringement. Upon becoming aware of legal infringements, we will immediately remove such links. <\/p>\t\t\t\t\t\t\t\t<\/div>\n\t\t\t\t<\/div>\n\t\t\t\t<\/div>\n\t\t<div class=\"elementor-element elementor-element-6d225b4 e-con-full e-flex e-con e-child\" data-id=\"6d225b4\" data-element_type=\"container\" data-e-type=\"container\">\n\t\t\t\t<div class=\"elementor-element elementor-element-c666281 elementor-widget elementor-widget-heading\" data-id=\"c666281\" data-element_type=\"widget\" data-e-type=\"widget\" data-widget_type=\"heading.default\">\n\t\t\t\t<div class=\"elementor-widget-container\">\n\t\t\t\t\t<h2 class=\"elementor-heading-title elementor-size-default\">Copyright<\/h2>\t\t\t\t<\/div>\n\t\t\t\t<\/div>\n\t\t\t\t<div class=\"elementor-element elementor-element-a3a39b3 elementor-widget elementor-widget-text-editor\" data-id=\"a3a39b3\" data-element_type=\"widget\" data-e-type=\"widget\" data-widget_type=\"text-editor.default\">\n\t\t\t\t<div class=\"elementor-widget-container\">\n\t\t\t\t\t\t\t\t\t<p>The content and works created by the site operators on these pages are subject to German copyright law. Duplication, processing, distribution, and any form of commercialization beyond the scope of copyright law require the written consent of the respective author or creator. Downloads and copies of this page are permitted only for private, non-commercial use.  <\/p><p>Insofar as the content on this page was not created by the operator, the copyrights of third parties are respected. In particular, third-party content is marked as such. Should you nevertheless become aware of a copyright infringement, please inform us accordingly. Upon becoming aware of legal infringements, we will immediately remove such content.   <\/p><p>Source: <a href=\"https:\/\/www.e-recht24.de\/impressum-generator.html\">https:\/\/www.e-recht24.de\/impressumgenerator. html<\/a><\/p>\t\t\t\t\t\t\t\t<\/div>\n\t\t\t\t<\/div>\n\t\t\t\t<\/div>\n\t\t<div class=\"elementor-element elementor-element-fd60b34 e-con-full e-flex e-con e-child\" data-id=\"fd60b34\" data-element_type=\"container\" data-e-type=\"container\">\n\t\t\t\t<div class=\"elementor-element elementor-element-4343e5b elementor-widget elementor-widget-heading\" data-id=\"4343e5b\" data-element_type=\"widget\" data-e-type=\"widget\" data-widget_type=\"heading.default\">\n\t\t\t\t<div class=\"elementor-widget-container\">\n\t\t\t\t\t<h2 class=\"elementor-heading-title elementor-size-default\">Concept. Design. Implementation.  <\/h2>\t\t\t\t<\/div>\n\t\t\t\t<\/div>\n\t\t\t\t<div class=\"elementor-element elementor-element-0c2855b elementor-widget elementor-widget-text-editor\" data-id=\"0c2855b\" data-element_type=\"widget\" data-e-type=\"widget\" data-widget_type=\"text-editor.default\">\n\t\t\t\t<div class=\"elementor-widget-container\">\n\t\t\t\t\t\t\t\t\t<p><a href=\"https:\/\/www.art-arminum.de\" target=\"_blank\" rel=\"noopener\">Art Arminum GmbH<\/a><\/p>\t\t\t\t\t\t\t\t<\/div>\n\t\t\t\t<\/div>\n\t\t\t\t<\/div>\n\t\t\t\t<div class=\"elementor-element elementor-element-c3b07b4 elementor-widget elementor-widget-spacer\" data-id=\"c3b07b4\" data-element_type=\"widget\" data-e-type=\"widget\" data-widget_type=\"spacer.default\">\n\t\t\t\t<div class=\"elementor-widget-container\">\n\t\t\t\t\t\t\t<div class=\"elementor-spacer\">\n\t\t\t<div class=\"elementor-spacer-inner\"><\/div>\n\t\t<\/div>\n\t\t\t\t\t\t<\/div>\n\t\t\t\t<\/div>\n\t\t\t\t<\/div>\n\t\t\t\t<\/div>\n\t\t\t\t<\/div>\n\t\t","protected":false},"excerpt":{"rendered":"<p>Gr\u00f6tschel GmbHKamenzer Stra\u00dfe 502994 Bernsdorf OT Stra\u00dfgr\u00e4bchen Represented by Sven Gr\u00f6tschel &amp; Jane Ludwig Contact Telephone: +49 35723 93330Telefax: +49 35723 933329E-mail: info@groetschelgruppe.de Register Entry Entry in the Commercial Register.Registry Court: District Court DresdenRegistration Number: HRB 26313 VAT VAT Identification Number in accordance with Section 27 a of the German VAT Act: DE257340280 Dispute Resolution [&hellip;]<\/p>\n","protected":false},"author":1,"featured_media":0,"parent":0,"menu_order":96,"comment_status":"closed","ping_status":"closed","template":"","meta":{"_acf_changed":false,"footnotes":""},"class_list":["post-8125","page","type-page","status-publish","hentry"],"acf":[],"yoast_head":"<!-- This site is optimized with the Yoast SEO plugin v27.0 - https:\/\/yoast.com\/product\/yoast-seo-wordpress\/ -->\n<title>Imprint | Gr\u00f6tschel<\/title>\n<meta name=\"robots\" content=\"index, follow, max-snippet:-1, max-image-preview:large, max-video-preview:-1\" \/>\n<link rel=\"canonical\" href=\"https:\/\/groetschelgruppe.de\/en\/imprint\/\" \/>\n<meta property=\"og:locale\" content=\"en_US\" \/>\n<meta property=\"og:type\" content=\"article\" \/>\n<meta property=\"og:title\" content=\"Imprint | Gr\u00f6tschel\" \/>\n<meta property=\"og:description\" content=\"Gr\u00f6tschel GmbHKamenzer Stra\u00dfe 502994 Bernsdorf OT Stra\u00dfgr\u00e4bchen Represented by Sven Gr\u00f6tschel &amp; Jane Ludwig Contact Telephone: +49 35723 93330Telefax: +49 35723 933329E-mail: info@groetschelgruppe.de Register Entry Entry in the Commercial Register.Registry Court: District Court DresdenRegistration Number: HRB 26313 VAT VAT Identification Number in accordance with Section 27 a of the German VAT Act: DE257340280 Dispute Resolution [&hellip;]\" \/>\n<meta property=\"og:url\" content=\"https:\/\/groetschelgruppe.de\/en\/imprint\/\" \/>\n<meta property=\"og:site_name\" content=\"Gr\u00f6tschel\" \/>\n<meta property=\"article:modified_time\" content=\"2026-02-04T14:07:41+00:00\" \/>\n<meta property=\"og:image\" content=\"https:\/\/groetschelgruppe.de\/wp-content\/uploads\/2025\/05\/groetschel_foerdertechnik.jpg\" \/>\n\t<meta property=\"og:image:width\" content=\"2048\" \/>\n\t<meta property=\"og:image:height\" content=\"1365\" \/>\n\t<meta property=\"og:image:type\" content=\"image\/jpeg\" \/>\n<meta name=\"twitter:card\" content=\"summary_large_image\" \/>\n<meta name=\"twitter:label1\" content=\"Est. reading time\" \/>\n\t<meta name=\"twitter:data1\" content=\"2 minutes\" \/>\n<script type=\"application\/ld+json\" class=\"yoast-schema-graph\">{\"@context\":\"https:\/\/schema.org\",\"@graph\":[{\"@type\":\"WebPage\",\"@id\":\"https:\/\/groetschelgruppe.de\/en\/imprint\/\",\"url\":\"https:\/\/groetschelgruppe.de\/en\/imprint\/\",\"name\":\"Imprint | Gr\u00f6tschel\",\"isPartOf\":{\"@id\":\"https:\/\/groetschelgruppe.de\/en\/#website\"},\"datePublished\":\"2025-05-22T10:05:34+00:00\",\"dateModified\":\"2026-02-04T14:07:41+00:00\",\"breadcrumb\":{\"@id\":\"https:\/\/groetschelgruppe.de\/en\/imprint\/#breadcrumb\"},\"inLanguage\":\"en-US\",\"potentialAction\":[{\"@type\":\"ReadAction\",\"target\":[\"https:\/\/groetschelgruppe.de\/en\/imprint\/\"]}]},{\"@type\":\"BreadcrumbList\",\"@id\":\"https:\/\/groetschelgruppe.de\/en\/imprint\/#breadcrumb\",\"itemListElement\":[{\"@type\":\"ListItem\",\"position\":1,\"name\":\"Startseite\",\"item\":\"https:\/\/groetschelgruppe.de\/en\/home\/\"},{\"@type\":\"ListItem\",\"position\":2,\"name\":\"Imprint\"}]},{\"@type\":\"WebSite\",\"@id\":\"https:\/\/groetschelgruppe.de\/en\/#website\",\"url\":\"https:\/\/groetschelgruppe.de\/en\/\",\"name\":\"Gr\u00f6tschel\",\"description\":\"Stahl- und Anlagen\u00adbau\",\"publisher\":{\"@id\":\"https:\/\/groetschelgruppe.de\/en\/#organization\"},\"potentialAction\":[{\"@type\":\"SearchAction\",\"target\":{\"@type\":\"EntryPoint\",\"urlTemplate\":\"https:\/\/groetschelgruppe.de\/en\/?s={search_term_string}\"},\"query-input\":{\"@type\":\"PropertyValueSpecification\",\"valueRequired\":true,\"valueName\":\"search_term_string\"}}],\"inLanguage\":\"en-US\"},{\"@type\":\"Organization\",\"@id\":\"https:\/\/groetschelgruppe.de\/en\/#organization\",\"name\":\"Gr\u00f6tschel GmbH\\u2028\",\"url\":\"https:\/\/groetschelgruppe.de\/en\/\",\"logo\":{\"@type\":\"ImageObject\",\"inLanguage\":\"en-US\",\"@id\":\"https:\/\/groetschelgruppe.de\/en\/#\/schema\/logo\/image\/\",\"url\":\"https:\/\/groetschelgruppe.de\/wp-content\/uploads\/2025\/04\/groetschel_text-bildmarke_white.svg\",\"contentUrl\":\"https:\/\/groetschelgruppe.de\/wp-content\/uploads\/2025\/04\/groetschel_text-bildmarke_white.svg\",\"width\":480,\"height\":143,\"caption\":\"Gr\u00f6tschel GmbH\\u2028\"},\"image\":{\"@id\":\"https:\/\/groetschelgruppe.de\/en\/#\/schema\/logo\/image\/\"}}]}<\/script>\n<!-- \/ Yoast SEO plugin. -->","yoast_head_json":{"title":"Imprint | Gr\u00f6tschel","robots":{"index":"index","follow":"follow","max-snippet":"max-snippet:-1","max-image-preview":"max-image-preview:large","max-video-preview":"max-video-preview:-1"},"canonical":"https:\/\/groetschelgruppe.de\/en\/imprint\/","og_locale":"en_US","og_type":"article","og_title":"Imprint | Gr\u00f6tschel","og_description":"Gr\u00f6tschel GmbHKamenzer Stra\u00dfe 502994 Bernsdorf OT Stra\u00dfgr\u00e4bchen Represented by Sven Gr\u00f6tschel &amp; Jane Ludwig Contact Telephone: +49 35723 93330Telefax: +49 35723 933329E-mail: info@groetschelgruppe.de Register Entry Entry in the Commercial Register.Registry Court: District Court DresdenRegistration Number: HRB 26313 VAT VAT Identification Number in accordance with Section 27 a of the German VAT Act: DE257340280 Dispute Resolution [&hellip;]","og_url":"https:\/\/groetschelgruppe.de\/en\/imprint\/","og_site_name":"Gr\u00f6tschel","article_modified_time":"2026-02-04T14:07:41+00:00","og_image":[{"width":2048,"height":1365,"url":"https:\/\/groetschelgruppe.de\/wp-content\/uploads\/2025\/05\/groetschel_foerdertechnik.jpg","type":"image\/jpeg"}],"twitter_card":"summary_large_image","twitter_misc":{"Est. reading time":"2 minutes"},"schema":{"@context":"https:\/\/schema.org","@graph":[{"@type":"WebPage","@id":"https:\/\/groetschelgruppe.de\/en\/imprint\/","url":"https:\/\/groetschelgruppe.de\/en\/imprint\/","name":"Imprint | Gr\u00f6tschel","isPartOf":{"@id":"https:\/\/groetschelgruppe.de\/en\/#website"},"datePublished":"2025-05-22T10:05:34+00:00","dateModified":"2026-02-04T14:07:41+00:00","breadcrumb":{"@id":"https:\/\/groetschelgruppe.de\/en\/imprint\/#breadcrumb"},"inLanguage":"en-US","potentialAction":[{"@type":"ReadAction","target":["https:\/\/groetschelgruppe.de\/en\/imprint\/"]}]},{"@type":"BreadcrumbList","@id":"https:\/\/groetschelgruppe.de\/en\/imprint\/#breadcrumb","itemListElement":[{"@type":"ListItem","position":1,"name":"Startseite","item":"https:\/\/groetschelgruppe.de\/en\/home\/"},{"@type":"ListItem","position":2,"name":"Imprint"}]},{"@type":"WebSite","@id":"https:\/\/groetschelgruppe.de\/en\/#website","url":"https:\/\/groetschelgruppe.de\/en\/","name":"Gr\u00f6tschel","description":"Stahl- und Anlagen\u00adbau","publisher":{"@id":"https:\/\/groetschelgruppe.de\/en\/#organization"},"potentialAction":[{"@type":"SearchAction","target":{"@type":"EntryPoint","urlTemplate":"https:\/\/groetschelgruppe.de\/en\/?s={search_term_string}"},"query-input":{"@type":"PropertyValueSpecification","valueRequired":true,"valueName":"search_term_string"}}],"inLanguage":"en-US"},{"@type":"Organization","@id":"https:\/\/groetschelgruppe.de\/en\/#organization","name":"Gr\u00f6tschel GmbH\u2028","url":"https:\/\/groetschelgruppe.de\/en\/","logo":{"@type":"ImageObject","inLanguage":"en-US","@id":"https:\/\/groetschelgruppe.de\/en\/#\/schema\/logo\/image\/","url":"https:\/\/groetschelgruppe.de\/wp-content\/uploads\/2025\/04\/groetschel_text-bildmarke_white.svg","contentUrl":"https:\/\/groetschelgruppe.de\/wp-content\/uploads\/2025\/04\/groetschel_text-bildmarke_white.svg","width":480,"height":143,"caption":"Gr\u00f6tschel GmbH\u2028"},"image":{"@id":"https:\/\/groetschelgruppe.de\/en\/#\/schema\/logo\/image\/"}}]}},"_links":{"self":[{"href":"https:\/\/groetschelgruppe.de\/en\/wp-json\/wp\/v2\/pages\/8125","targetHints":{"allow":["GET"]}}],"collection":[{"href":"https:\/\/groetschelgruppe.de\/en\/wp-json\/wp\/v2\/pages"}],"about":[{"href":"https:\/\/groetschelgruppe.de\/en\/wp-json\/wp\/v2\/types\/page"}],"author":[{"embeddable":true,"href":"https:\/\/groetschelgruppe.de\/en\/wp-json\/wp\/v2\/users\/1"}],"replies":[{"embeddable":true,"href":"https:\/\/groetschelgruppe.de\/en\/wp-json\/wp\/v2\/comments?post=8125"}],"version-history":[{"count":1,"href":"https:\/\/groetschelgruppe.de\/en\/wp-json\/wp\/v2\/pages\/8125\/revisions"}],"predecessor-version":[{"id":8126,"href":"https:\/\/groetschelgruppe.de\/en\/wp-json\/wp\/v2\/pages\/8125\/revisions\/8126"}],"wp:attachment":[{"href":"https:\/\/groetschelgruppe.de\/en\/wp-json\/wp\/v2\/media?parent=8125"}],"curies":[{"name":"wp","href":"https:\/\/api.w.org\/{rel}","templated":true}]}}