{"id":7973,"date":"2025-04-28T15:26:16","date_gmt":"2025-04-28T13:26:16","guid":{"rendered":"https:\/\/groetschelgruppe.de\/contact\/"},"modified":"2026-02-04T15:05:44","modified_gmt":"2026-02-04T14:05:44","slug":"contact","status":"publish","type":"page","link":"https:\/\/groetschelgruppe.de\/en\/contact\/","title":{"rendered":"Contact"},"content":{"rendered":"\t\t<div data-elementor-type=\"wp-page\" data-elementor-id=\"7973\" class=\"elementor elementor-7973 elementor-946\" data-elementor-post-type=\"page\">\n\t\t\t\t<div class=\"elementor-element elementor-element-f0e03d7 e-con-full e-flex e-con e-parent\" data-id=\"f0e03d7\" data-element_type=\"container\" data-e-type=\"container\" id=\"content\">\n\t\t<div class=\"elementor-element elementor-element-4a60688 e-con-full e-flex e-con e-child\" data-id=\"4a60688\" data-element_type=\"container\" data-e-type=\"container\" data-settings=\"{&quot;background_background&quot;:&quot;classic&quot;}\">\n\t\t\t\t<\/div>\n\t\t<div class=\"elementor-element elementor-element-815ef6c e-flex e-con-boxed e-con e-child\" data-id=\"815ef6c\" data-element_type=\"container\" data-e-type=\"container\">\n\t\t\t\t\t<div class=\"e-con-inner\">\n\t\t\t\t<div class=\"elementor-element elementor-element-71e4c63 elementor-widget elementor-widget-theme-post-title elementor-page-title elementor-widget-heading\" data-id=\"71e4c63\" data-element_type=\"widget\" data-e-type=\"widget\" data-widget_type=\"theme-post-title.default\">\n\t\t\t\t<div class=\"elementor-widget-container\">\n\t\t\t\t\t<h1 class=\"elementor-heading-title elementor-size-default\">Contact<\/h1>\t\t\t\t<\/div>\n\t\t\t\t<\/div>\n\t\t\t\t\t<\/div>\n\t\t\t\t<\/div>\n\t\t\t\t<\/div>\n\t\t<div class=\"elementor-element elementor-element-e9720e9 e-flex e-con-boxed e-con e-parent\" data-id=\"e9720e9\" data-element_type=\"container\" data-e-type=\"container\">\n\t\t\t\t\t<div class=\"e-con-inner\">\n\t\t<div class=\"elementor-element elementor-element-815fca5 e-con-full e-flex e-con e-child\" data-id=\"815fca5\" data-element_type=\"container\" data-e-type=\"container\">\n\t\t\t\t<div class=\"elementor-element elementor-element-71f4b95 elementor-widget elementor-widget-heading\" data-id=\"71f4b95\" data-element_type=\"widget\" data-e-type=\"widget\" data-widget_type=\"heading.default\">\n\t\t\t\t<div class=\"elementor-widget-container\">\n\t\t\t\t\t<p class=\"elementor-heading-title elementor-size-default\">01<\/p>\t\t\t\t<\/div>\n\t\t\t\t<\/div>\n\t\t\t\t<\/div>\n\t\t<div class=\"elementor-element elementor-element-a9e6972 e-con-full e-flex e-con e-child\" data-id=\"a9e6972\" data-element_type=\"container\" data-e-type=\"container\">\n\t\t\t\t<div class=\"elementor-element elementor-element-c8c4f6d elementor-widget elementor-widget-ucaddon_sub_headline\" data-id=\"c8c4f6d\" data-element_type=\"widget\" data-e-type=\"widget\" data-widget_type=\"ucaddon_sub_headline.default\">\n\t\t\t\t<div class=\"elementor-widget-container\">\n\t\t\t\t\t\n<!-- start Sub + Headline -->\n<style>\/* widget: Sub + Headline *\/\n\n.sub-headline-container {\n  display: flex;\n  flex-direction: column;\n  gap: 4px;\n  margin: 0;\n}\n\n.sub-headline-container span {\n  line-height: 0px;\n}\n\n<\/style>\n\n<h2 class=\"sub-headline-container\">\n  <span class=\"subheadline\"><span  class=\"uc_style_sub_headline_elementor_subheadline\" style=\"color:#0317334D;\">\/ Gr\u00f6tschel<\/span><\/span>\n  <span class=\"headline\"><span  class=\"uc_style_sub_headline_elementor_headline\" style=\"color:#031733;\">Contact<\/span><\/span>\n<\/h2>\n<!-- end Sub + Headline -->\t\t\t\t<\/div>\n\t\t\t\t<\/div>\n\t\t\t\t<div class=\"elementor-element elementor-element-939304b elementor-widget__width-initial elementor-widget elementor-widget-text-editor\" data-id=\"939304b\" data-element_type=\"widget\" data-e-type=\"widget\" data-widget_type=\"text-editor.default\">\n\t\t\t\t<div class=\"elementor-widget-container\">\n\t\t\t\t\t\t\t\t\t<p>We would be happy to advise you individually on your request <span class=\"highlight-blue\">\u2013 call us or write to us! Our employees will answer your questions competently and take your wishes into account.<\/span><\/p>\t\t\t\t\t\t\t\t<\/div>\n\t\t\t\t<\/div>\n\t\t\t\t<div class=\"elementor-element elementor-element-f5fa979 elementor-widget elementor-widget-spacer\" data-id=\"f5fa979\" data-element_type=\"widget\" data-e-type=\"widget\" data-widget_type=\"spacer.default\">\n\t\t\t\t<div class=\"elementor-widget-container\">\n\t\t\t\t\t\t\t<div class=\"elementor-spacer\">\n\t\t\t<div class=\"elementor-spacer-inner\"><\/div>\n\t\t<\/div>\n\t\t\t\t\t\t<\/div>\n\t\t\t\t<\/div>\n\t\t<div class=\"elementor-element elementor-element-58a596a e-grid e-con-full e-con e-child\" data-id=\"58a596a\" data-element_type=\"container\" data-e-type=\"container\">\n\t\t<div class=\"elementor-element elementor-element-2c32bc9 e-con-full e-flex e-con e-child\" data-id=\"2c32bc9\" data-element_type=\"container\" data-e-type=\"container\" data-settings=\"{&quot;background_background&quot;:&quot;classic&quot;}\">\n\t\t\t\t<div class=\"elementor-element elementor-element-bd618ee elementor-position-inline-start elementor-view-default elementor-mobile-position-block-start elementor-widget elementor-widget-icon-box\" data-id=\"bd618ee\" data-element_type=\"widget\" data-e-type=\"widget\" data-widget_type=\"icon-box.default\">\n\t\t\t\t<div class=\"elementor-widget-container\">\n\t\t\t\t\t\t\t<div class=\"elementor-icon-box-wrapper\">\n\n\t\t\t\t\t\t<div class=\"elementor-icon-box-icon\">\n\t\t\t\t<a href=\"mailto:info@groetschelgruppe.de\" class=\"elementor-icon\" tabindex=\"-1\" aria-label=\"Email\">\n\t\t\t\t<svg xmlns=\"http:\/\/www.w3.org\/2000\/svg\" viewBox=\"0 0 105.9 77.2\"><path d=\"M96.6,0H9.3C5.7,3.6,3.6,5.7,0,9.3v58.6c3.6,3.6,5.7,5.7,9.3,9.3h87.3c3.6-3.6,5.7-5.7,9.3-9.3V9.3c-3.6-3.6-5.7-5.7-9.3-9.3ZM52.9,38.4L10.9,6h84.1l-42,32.4ZM38.3,34.7L6,66.9V9.8s32.3,24.9,32.3,24.9ZM43.1,38.4l9.8,7.6,9.8-7.6,32.9,32.8H10.2l32.9-32.8ZM99.9,66.9l-32.3-32.2,32.3-24.9v57.1ZM99.9,6h0s0,0,0,0h0ZM99.9,71.2h0s0,0,0,0h0Z\"><\/path><\/svg>\t\t\t\t<\/a>\n\t\t\t<\/div>\n\t\t\t\n\t\t\t\t\t\t<div class=\"elementor-icon-box-content\">\n\n\t\t\t\t\t\t\t\t\t<h3 class=\"elementor-icon-box-title\">\n\t\t\t\t\t\t<a href=\"mailto:info@groetschelgruppe.de\" >\n\t\t\t\t\t\t\tEmail\t\t\t\t\t\t<\/a>\n\t\t\t\t\t<\/h3>\n\t\t\t\t\n\t\t\t\t\t\t\t\t\t<p class=\"elementor-icon-box-description\">\n\t\t\t\t\t\t info@groetschelgruppe.de\t\t\t\t\t<\/p>\n\t\t\t\t\n\t\t\t<\/div>\n\t\t\t\n\t\t<\/div>\n\t\t\t\t\t\t<\/div>\n\t\t\t\t<\/div>\n\t\t\t\t<\/div>\n\t\t<div class=\"elementor-element elementor-element-01e7868 e-con-full e-flex e-con e-child\" data-id=\"01e7868\" data-element_type=\"container\" data-e-type=\"container\" data-settings=\"{&quot;background_background&quot;:&quot;classic&quot;}\">\n\t\t\t\t<div class=\"elementor-element elementor-element-5a22505 elementor-position-inline-start elementor-view-default elementor-mobile-position-block-start elementor-widget elementor-widget-icon-box\" data-id=\"5a22505\" data-element_type=\"widget\" data-e-type=\"widget\" data-widget_type=\"icon-box.default\">\n\t\t\t\t<div class=\"elementor-widget-container\">\n\t\t\t\t\t\t\t<div class=\"elementor-icon-box-wrapper\">\n\n\t\t\t\t\t\t<div class=\"elementor-icon-box-icon\">\n\t\t\t\t<a href=\"tel:+493572393330\" class=\"elementor-icon\" tabindex=\"-1\" aria-label=\"Phone\">\n\t\t\t\t<svg xmlns=\"http:\/\/www.w3.org\/2000\/svg\" viewBox=\"0 0 47 84\"><path d=\"M39.4,84H7.6l-7.6-7.6V7.7L7.6,0h31.8l7.6,7.7v68.7l-7.6,7.7h0ZM4.7,79.3h37.6V4.7H4.7v74.5ZM23.8,76.1c1.9,0,3.5-1.6,3.5-3.5s-1.6-3.5-3.5-3.5-3.5,1.6-3.5,3.5,1.6,3.5,3.5,3.5ZM34,12.9l-24.5,21.9,3.1,3.5,24.5-21.9-3.1-3.5ZM34.1,28l-24.6,23.5,3.3,3.4,24.6-23.5-3.3-3.4Z\"><\/path><\/svg>\t\t\t\t<\/a>\n\t\t\t<\/div>\n\t\t\t\n\t\t\t\t\t\t<div class=\"elementor-icon-box-content\">\n\n\t\t\t\t\t\t\t\t\t<h3 class=\"elementor-icon-box-title\">\n\t\t\t\t\t\t<a href=\"tel:+493572393330\" >\n\t\t\t\t\t\t\tPhone\t\t\t\t\t\t<\/a>\n\t\t\t\t\t<\/h3>\n\t\t\t\t\n\t\t\t\t\t\t\t\t\t<p class=\"elementor-icon-box-description\">\n\t\t\t\t\t\t+49 35723 93330\t\t\t\t\t<\/p>\n\t\t\t\t\n\t\t\t<\/div>\n\t\t\t\n\t\t<\/div>\n\t\t\t\t\t\t<\/div>\n\t\t\t\t<\/div>\n\t\t\t\t<\/div>\n\t\t<div class=\"elementor-element elementor-element-583f2f6 e-con-full e-flex e-con e-child\" data-id=\"583f2f6\" data-element_type=\"container\" data-e-type=\"container\" data-settings=\"{&quot;background_background&quot;:&quot;classic&quot;}\">\n\t\t\t\t<div class=\"elementor-element elementor-element-b8dea73 elementor-position-inline-start elementor-view-default elementor-mobile-position-block-start elementor-widget elementor-widget-icon-box\" data-id=\"b8dea73\" data-element_type=\"widget\" data-e-type=\"widget\" data-widget_type=\"icon-box.default\">\n\t\t\t\t<div class=\"elementor-widget-container\">\n\t\t\t\t\t\t\t<div class=\"elementor-icon-box-wrapper\">\n\n\t\t\t\t\t\t<div class=\"elementor-icon-box-icon\">\n\t\t\t\t<a href=\"tel:+493572393330\" class=\"elementor-icon\" tabindex=\"-1\" aria-label=\"Fax\">\n\t\t\t\t<svg xmlns=\"http:\/\/www.w3.org\/2000\/svg\" viewBox=\"0 0 105.9 107.6\"><path d=\"M80.6,31c2.4,0,4.4,2,4.4,4.4s-2,4.4-4.4,4.4-4.4-2-4.4-4.4,2-4.4,4.4-4.4ZM96.6,17.2h-7.9V0H17v17.2h-7.7c-3.6,3.6-5.7,5.7-9.3,9.3v51.6c3.6,3.6,5.7,5.7,9.3,9.3h7.7v20.2h71.7v-20.2h7.9l9.3-9.3V26.5s-9.3-9.3-9.3-9.3ZM23,6h59.7v11.2H23s0-11.2,0-11.2ZM82.7,101.6H23v-46.2h59.7v46.2ZM99.9,81.4h-11.2v-32.1H17v32.1H6V23.2h93.9v58.2Z\"><\/path><\/svg>\t\t\t\t<\/a>\n\t\t\t<\/div>\n\t\t\t\n\t\t\t\t\t\t<div class=\"elementor-icon-box-content\">\n\n\t\t\t\t\t\t\t\t\t<h3 class=\"elementor-icon-box-title\">\n\t\t\t\t\t\t<a href=\"tel:+493572393330\" >\n\t\t\t\t\t\t\tFax\t\t\t\t\t\t<\/a>\n\t\t\t\t\t<\/h3>\n\t\t\t\t\n\t\t\t\t\t\t\t\t\t<p class=\"elementor-icon-box-description\">\n\t\t\t\t\t\t+49 35723 93329\t\t\t\t\t<\/p>\n\t\t\t\t\n\t\t\t<\/div>\n\t\t\t\n\t\t<\/div>\n\t\t\t\t\t\t<\/div>\n\t\t\t\t<\/div>\n\t\t\t\t<\/div>\n\t\t<div class=\"elementor-element elementor-element-3529e8b e-con-full e-flex e-con e-child\" data-id=\"3529e8b\" data-element_type=\"container\" data-e-type=\"container\" data-settings=\"{&quot;background_background&quot;:&quot;classic&quot;}\">\n\t\t\t\t<div class=\"elementor-element elementor-element-3f1d9d1 elementor-position-inline-start elementor-view-default elementor-mobile-position-block-start elementor-widget elementor-widget-icon-box\" data-id=\"3f1d9d1\" data-element_type=\"widget\" data-e-type=\"widget\" data-widget_type=\"icon-box.default\">\n\t\t\t\t<div class=\"elementor-widget-container\">\n\t\t\t\t\t\t\t<div class=\"elementor-icon-box-wrapper\">\n\n\t\t\t\t\t\t<div class=\"elementor-icon-box-icon\">\n\t\t\t\t<a href=\"https:\/\/www.google.com\/maps\/dir\/\/Gr\u00f6tschel+GmbH+Kamenzer+Str.+5+02994+Bernsdorf\/@51.3503479,14.0649974,15z\/data=!4m8!4m7!1m0!1m5!1m1!1s0x4708478d8ee0e7b3:0xdfc91bf2fc3e667!2m2!1d14.0649838!2d51.3503478?entry=ttu&#038;g_ep=EgoyMDI0MDkyMy4wIKXMDSoASAFQAw%3D%3D\" target=\"_blank\" class=\"elementor-icon\" tabindex=\"-1\" aria-label=\"Gr\u00f6tschel GmbH\">\n\t\t\t\t<svg xmlns=\"http:\/\/www.w3.org\/2000\/svg\" viewBox=\"0 0 128 143\"><path d=\"M72.9,50.4L105.1,0h-57.7L0,74.7v68.3h113.4l14.6-23.4V51.3h-54.7c-.4,0-.7-.5-.5-.9h0ZM56.1,140.3v-62.9c0-.6.2-1.2.5-1.7l14.2-22.2c.3-.5,1.1-.3,1.1.3v63c0,.6-.2,1.2-.5,1.7l-14.2,22.1c-.3.5-1.1.3-1.1-.3h0Z\"><\/path><\/svg>\t\t\t\t<\/a>\n\t\t\t<\/div>\n\t\t\t\n\t\t\t\t\t\t<div class=\"elementor-icon-box-content\">\n\n\t\t\t\t\t\t\t\t\t<h3 class=\"elementor-icon-box-title\">\n\t\t\t\t\t\t<a href=\"https:\/\/www.google.com\/maps\/dir\/\/Gr\u00f6tschel+GmbH+Kamenzer+Str.+5+02994+Bernsdorf\/@51.3503479,14.0649974,15z\/data=!4m8!4m7!1m0!1m5!1m1!1s0x4708478d8ee0e7b3:0xdfc91bf2fc3e667!2m2!1d14.0649838!2d51.3503478?entry=ttu&#038;g_ep=EgoyMDI0MDkyMy4wIKXMDSoASAFQAw%3D%3D\" target=\"_blank\" >\n\t\t\t\t\t\t\tGr\u00f6tschel GmbH\t\t\t\t\t\t<\/a>\n\t\t\t\t\t<\/h3>\n\t\t\t\t\n\t\t\t\t\t\t\t\t\t<p class=\"elementor-icon-box-description\">\n\t\t\t\t\t\tKamenzer Stra\u00dfe 5<br>02994 Bernsdorf <br>OT Strassgr\u00e4bchen\t\t\t\t\t<\/p>\n\t\t\t\t\n\t\t\t<\/div>\n\t\t\t\n\t\t<\/div>\n\t\t\t\t\t\t<\/div>\n\t\t\t\t<\/div>\n\t\t\t\t<\/div>\n\t\t<div class=\"elementor-element elementor-element-5e891a0 e-con-full e-flex e-con e-child\" data-id=\"5e891a0\" data-element_type=\"container\" data-e-type=\"container\" data-settings=\"{&quot;background_background&quot;:&quot;classic&quot;}\">\n\t\t\t\t<div class=\"elementor-element elementor-element-b53b415 elementor-widget elementor-widget-heading\" data-id=\"b53b415\" data-element_type=\"widget\" data-e-type=\"widget\" data-widget_type=\"heading.default\">\n\t\t\t\t<div class=\"elementor-widget-container\">\n\t\t\t\t\t<h2 class=\"elementor-heading-title elementor-size-default\">Social Media<\/h2>\t\t\t\t<\/div>\n\t\t\t\t<\/div>\n\t\t\t\t<div class=\"elementor-element elementor-element-28124ec elementor-shape-square e-grid-align-left elementor-grid-0 elementor-widget elementor-widget-social-icons\" data-id=\"28124ec\" data-element_type=\"widget\" data-e-type=\"widget\" data-widget_type=\"social-icons.default\">\n\t\t\t\t<div class=\"elementor-widget-container\">\n\t\t\t\t\t\t\t<div class=\"elementor-social-icons-wrapper elementor-grid\" role=\"list\">\n\t\t\t\t\t\t\t<span class=\"elementor-grid-item\" role=\"listitem\">\n\t\t\t\t\t<a class=\"elementor-icon elementor-social-icon elementor-social-icon-instagram elementor-repeater-item-ed75a48\" href=\"https:\/\/www.instagram.com\/groetschelgruppe\/\" target=\"_blank\">\n\t\t\t\t\t\t<span class=\"elementor-screen-only\">Instagram<\/span>\n\t\t\t\t\t\t<svg aria-hidden=\"true\" class=\"e-font-icon-svg e-fab-instagram\" viewBox=\"0 0 448 512\" xmlns=\"http:\/\/www.w3.org\/2000\/svg\"><path d=\"M224.1 141c-63.6 0-114.9 51.3-114.9 114.9s51.3 114.9 114.9 114.9S339 319.5 339 255.9 287.7 141 224.1 141zm0 189.6c-41.1 0-74.7-33.5-74.7-74.7s33.5-74.7 74.7-74.7 74.7 33.5 74.7 74.7-33.6 74.7-74.7 74.7zm146.4-194.3c0 14.9-12 26.8-26.8 26.8-14.9 0-26.8-12-26.8-26.8s12-26.8 26.8-26.8 26.8 12 26.8 26.8zm76.1 27.2c-1.7-35.9-9.9-67.7-36.2-93.9-26.2-26.2-58-34.4-93.9-36.2-37-2.1-147.9-2.1-184.9 0-35.8 1.7-67.6 9.9-93.9 36.1s-34.4 58-36.2 93.9c-2.1 37-2.1 147.9 0 184.9 1.7 35.9 9.9 67.7 36.2 93.9s58 34.4 93.9 36.2c37 2.1 147.9 2.1 184.9 0 35.9-1.7 67.7-9.9 93.9-36.2 26.2-26.2 34.4-58 36.2-93.9 2.1-37 2.1-147.8 0-184.8zM398.8 388c-7.8 19.6-22.9 34.7-42.6 42.6-29.5 11.7-99.5 9-132.1 9s-102.7 2.6-132.1-9c-19.6-7.8-34.7-22.9-42.6-42.6-11.7-29.5-9-99.5-9-132.1s-2.6-102.7 9-132.1c7.8-19.6 22.9-34.7 42.6-42.6 29.5-11.7 99.5-9 132.1-9s102.7-2.6 132.1 9c19.6 7.8 34.7 22.9 42.6 42.6 11.7 29.5 9 99.5 9 132.1s2.7 102.7-9 132.1z\"><\/path><\/svg>\t\t\t\t\t<\/a>\n\t\t\t\t<\/span>\n\t\t\t\t\t\t\t<span class=\"elementor-grid-item\" role=\"listitem\">\n\t\t\t\t\t<a class=\"elementor-icon elementor-social-icon elementor-social-icon-linkedin elementor-repeater-item-2b16440\" href=\"https:\/\/de.linkedin.com\/company\/groetschel\" target=\"_blank\">\n\t\t\t\t\t\t<span class=\"elementor-screen-only\">Linkedin<\/span>\n\t\t\t\t\t\t<svg aria-hidden=\"true\" class=\"e-font-icon-svg e-fab-linkedin\" viewBox=\"0 0 448 512\" xmlns=\"http:\/\/www.w3.org\/2000\/svg\"><path d=\"M416 32H31.9C14.3 32 0 46.5 0 64.3v383.4C0 465.5 14.3 480 31.9 480H416c17.6 0 32-14.5 32-32.3V64.3c0-17.8-14.4-32.3-32-32.3zM135.4 416H69V202.2h66.5V416zm-33.2-243c-21.3 0-38.5-17.3-38.5-38.5S80.9 96 102.2 96c21.2 0 38.5 17.3 38.5 38.5 0 21.3-17.2 38.5-38.5 38.5zm282.1 243h-66.4V312c0-24.8-.5-56.7-34.5-56.7-34.6 0-39.9 27-39.9 54.9V416h-66.4V202.2h63.7v29.2h.9c8.9-16.8 30.6-34.5 62.9-34.5 67.2 0 79.7 44.3 79.7 101.9V416z\"><\/path><\/svg>\t\t\t\t\t<\/a>\n\t\t\t\t<\/span>\n\t\t\t\t\t<\/div>\n\t\t\t\t\t\t<\/div>\n\t\t\t\t<\/div>\n\t\t\t\t<\/div>\n\t\t\t\t<\/div>\n\t\t\t\t<\/div>\n\t\t\t\t\t<\/div>\n\t\t\t\t<\/div>\n\t\t\t\t<\/div>\n\t\t","protected":false},"excerpt":{"rendered":"<p>01 \/ Gr\u00f6tschel We would be happy to advise you individually on your request \u2013 call us or write to us! Our employees will answer your questions competently and take your wishes into account. Email info@groetschelgruppe.de Phone +49 35723 93330 Fax +49 35723 93329 Gr\u00f6tschel GmbH Kamenzer Stra\u00dfe 502994 Bernsdorf OT Strassgr\u00e4bchen Social Media Instagram [&hellip;]<\/p>\n","protected":false},"author":2,"featured_media":7977,"parent":0,"menu_order":90,"comment_status":"closed","ping_status":"closed","template":"","meta":{"_acf_changed":false,"footnotes":""},"class_list":["post-7973","page","type-page","status-publish","has-post-thumbnail","hentry"],"acf":[],"yoast_head":"<!-- This site is optimized with the Yoast SEO plugin v27.0 - https:\/\/yoast.com\/product\/yoast-seo-wordpress\/ -->\n<title>Contact | Gr\u00f6tschel<\/title>\n<meta name=\"description\" content=\"We would be happy to advise you individually on your request in the field of steel and plant construction - call us or write to us!\" \/>\n<meta name=\"robots\" content=\"index, follow, max-snippet:-1, max-image-preview:large, max-video-preview:-1\" \/>\n<link rel=\"canonical\" href=\"https:\/\/groetschelgruppe.de\/en\/contact\/\" \/>\n<meta property=\"og:locale\" content=\"en_US\" \/>\n<meta property=\"og:type\" content=\"article\" \/>\n<meta property=\"og:title\" content=\"Contact | Gr\u00f6tschel\" \/>\n<meta property=\"og:description\" content=\"We would be happy to advise you individually on your request in the field of steel and plant construction - call us or write to us!\" \/>\n<meta property=\"og:url\" content=\"https:\/\/groetschelgruppe.de\/en\/contact\/\" \/>\n<meta property=\"og:site_name\" content=\"Gr\u00f6tschel\" \/>\n<meta property=\"article:modified_time\" content=\"2026-02-04T14:05:44+00:00\" \/>\n<meta property=\"og:image\" content=\"https:\/\/groetschelgruppe.de\/wp-content\/uploads\/2025\/06\/groetschel_geschaeftsfuehrung.jpg\" \/>\n\t<meta property=\"og:image:width\" content=\"1500\" \/>\n\t<meta property=\"og:image:height\" content=\"1125\" \/>\n\t<meta property=\"og:image:type\" content=\"image\/jpeg\" \/>\n<meta name=\"twitter:card\" content=\"summary_large_image\" \/>\n<script type=\"application\/ld+json\" class=\"yoast-schema-graph\">{\"@context\":\"https:\/\/schema.org\",\"@graph\":[{\"@type\":\"WebPage\",\"@id\":\"https:\/\/groetschelgruppe.de\/en\/contact\/\",\"url\":\"https:\/\/groetschelgruppe.de\/en\/contact\/\",\"name\":\"Contact | Gr\u00f6tschel\",\"isPartOf\":{\"@id\":\"https:\/\/groetschelgruppe.de\/en\/#website\"},\"primaryImageOfPage\":{\"@id\":\"https:\/\/groetschelgruppe.de\/en\/contact\/#primaryimage\"},\"image\":{\"@id\":\"https:\/\/groetschelgruppe.de\/en\/contact\/#primaryimage\"},\"thumbnailUrl\":\"https:\/\/groetschelgruppe.de\/wp-content\/uploads\/2025\/06\/groetschel_geschaeftsfuehrung.jpg\",\"datePublished\":\"2025-04-28T13:26:16+00:00\",\"dateModified\":\"2026-02-04T14:05:44+00:00\",\"description\":\"We would be happy to advise you individually on your request in the field of steel and plant construction - call us or write to us!\",\"breadcrumb\":{\"@id\":\"https:\/\/groetschelgruppe.de\/en\/contact\/#breadcrumb\"},\"inLanguage\":\"en-US\",\"potentialAction\":[{\"@type\":\"ReadAction\",\"target\":[\"https:\/\/groetschelgruppe.de\/en\/contact\/\"]}]},{\"@type\":\"ImageObject\",\"inLanguage\":\"en-US\",\"@id\":\"https:\/\/groetschelgruppe.de\/en\/contact\/#primaryimage\",\"url\":\"https:\/\/groetschelgruppe.de\/wp-content\/uploads\/2025\/06\/groetschel_geschaeftsfuehrung.jpg\",\"contentUrl\":\"https:\/\/groetschelgruppe.de\/wp-content\/uploads\/2025\/06\/groetschel_geschaeftsfuehrung.jpg\",\"width\":1500,\"height\":1125},{\"@type\":\"BreadcrumbList\",\"@id\":\"https:\/\/groetschelgruppe.de\/en\/contact\/#breadcrumb\",\"itemListElement\":[{\"@type\":\"ListItem\",\"position\":1,\"name\":\"Startseite\",\"item\":\"https:\/\/groetschelgruppe.de\/en\/home\/\"},{\"@type\":\"ListItem\",\"position\":2,\"name\":\"Contact\"}]},{\"@type\":\"WebSite\",\"@id\":\"https:\/\/groetschelgruppe.de\/en\/#website\",\"url\":\"https:\/\/groetschelgruppe.de\/en\/\",\"name\":\"Gr\u00f6tschel\",\"description\":\"Stahl- und Anlagen\u00adbau\",\"publisher\":{\"@id\":\"https:\/\/groetschelgruppe.de\/en\/#organization\"},\"potentialAction\":[{\"@type\":\"SearchAction\",\"target\":{\"@type\":\"EntryPoint\",\"urlTemplate\":\"https:\/\/groetschelgruppe.de\/en\/?s={search_term_string}\"},\"query-input\":{\"@type\":\"PropertyValueSpecification\",\"valueRequired\":true,\"valueName\":\"search_term_string\"}}],\"inLanguage\":\"en-US\"},{\"@type\":\"Organization\",\"@id\":\"https:\/\/groetschelgruppe.de\/en\/#organization\",\"name\":\"Gr\u00f6tschel GmbH\\u2028\",\"url\":\"https:\/\/groetschelgruppe.de\/en\/\",\"logo\":{\"@type\":\"ImageObject\",\"inLanguage\":\"en-US\",\"@id\":\"https:\/\/groetschelgruppe.de\/en\/#\/schema\/logo\/image\/\",\"url\":\"https:\/\/groetschelgruppe.de\/wp-content\/uploads\/2025\/04\/groetschel_text-bildmarke_white.svg\",\"contentUrl\":\"https:\/\/groetschelgruppe.de\/wp-content\/uploads\/2025\/04\/groetschel_text-bildmarke_white.svg\",\"width\":480,\"height\":143,\"caption\":\"Gr\u00f6tschel GmbH\\u2028\"},\"image\":{\"@id\":\"https:\/\/groetschelgruppe.de\/en\/#\/schema\/logo\/image\/\"}}]}<\/script>\n<!-- \/ Yoast SEO plugin. -->","yoast_head_json":{"title":"Contact | Gr\u00f6tschel","description":"We would be happy to advise you individually on your request in the field of steel and plant construction - call us or write to us!","robots":{"index":"index","follow":"follow","max-snippet":"max-snippet:-1","max-image-preview":"max-image-preview:large","max-video-preview":"max-video-preview:-1"},"canonical":"https:\/\/groetschelgruppe.de\/en\/contact\/","og_locale":"en_US","og_type":"article","og_title":"Contact | Gr\u00f6tschel","og_description":"We would be happy to advise you individually on your request in the field of steel and plant construction - call us or write to us!","og_url":"https:\/\/groetschelgruppe.de\/en\/contact\/","og_site_name":"Gr\u00f6tschel","article_modified_time":"2026-02-04T14:05:44+00:00","og_image":[{"width":1500,"height":1125,"url":"https:\/\/groetschelgruppe.de\/wp-content\/uploads\/2025\/06\/groetschel_geschaeftsfuehrung.jpg","type":"image\/jpeg"}],"twitter_card":"summary_large_image","schema":{"@context":"https:\/\/schema.org","@graph":[{"@type":"WebPage","@id":"https:\/\/groetschelgruppe.de\/en\/contact\/","url":"https:\/\/groetschelgruppe.de\/en\/contact\/","name":"Contact | Gr\u00f6tschel","isPartOf":{"@id":"https:\/\/groetschelgruppe.de\/en\/#website"},"primaryImageOfPage":{"@id":"https:\/\/groetschelgruppe.de\/en\/contact\/#primaryimage"},"image":{"@id":"https:\/\/groetschelgruppe.de\/en\/contact\/#primaryimage"},"thumbnailUrl":"https:\/\/groetschelgruppe.de\/wp-content\/uploads\/2025\/06\/groetschel_geschaeftsfuehrung.jpg","datePublished":"2025-04-28T13:26:16+00:00","dateModified":"2026-02-04T14:05:44+00:00","description":"We would be happy to advise you individually on your request in the field of steel and plant construction - call us or write to us!","breadcrumb":{"@id":"https:\/\/groetschelgruppe.de\/en\/contact\/#breadcrumb"},"inLanguage":"en-US","potentialAction":[{"@type":"ReadAction","target":["https:\/\/groetschelgruppe.de\/en\/contact\/"]}]},{"@type":"ImageObject","inLanguage":"en-US","@id":"https:\/\/groetschelgruppe.de\/en\/contact\/#primaryimage","url":"https:\/\/groetschelgruppe.de\/wp-content\/uploads\/2025\/06\/groetschel_geschaeftsfuehrung.jpg","contentUrl":"https:\/\/groetschelgruppe.de\/wp-content\/uploads\/2025\/06\/groetschel_geschaeftsfuehrung.jpg","width":1500,"height":1125},{"@type":"BreadcrumbList","@id":"https:\/\/groetschelgruppe.de\/en\/contact\/#breadcrumb","itemListElement":[{"@type":"ListItem","position":1,"name":"Startseite","item":"https:\/\/groetschelgruppe.de\/en\/home\/"},{"@type":"ListItem","position":2,"name":"Contact"}]},{"@type":"WebSite","@id":"https:\/\/groetschelgruppe.de\/en\/#website","url":"https:\/\/groetschelgruppe.de\/en\/","name":"Gr\u00f6tschel","description":"Stahl- und Anlagen\u00adbau","publisher":{"@id":"https:\/\/groetschelgruppe.de\/en\/#organization"},"potentialAction":[{"@type":"SearchAction","target":{"@type":"EntryPoint","urlTemplate":"https:\/\/groetschelgruppe.de\/en\/?s={search_term_string}"},"query-input":{"@type":"PropertyValueSpecification","valueRequired":true,"valueName":"search_term_string"}}],"inLanguage":"en-US"},{"@type":"Organization","@id":"https:\/\/groetschelgruppe.de\/en\/#organization","name":"Gr\u00f6tschel GmbH\u2028","url":"https:\/\/groetschelgruppe.de\/en\/","logo":{"@type":"ImageObject","inLanguage":"en-US","@id":"https:\/\/groetschelgruppe.de\/en\/#\/schema\/logo\/image\/","url":"https:\/\/groetschelgruppe.de\/wp-content\/uploads\/2025\/04\/groetschel_text-bildmarke_white.svg","contentUrl":"https:\/\/groetschelgruppe.de\/wp-content\/uploads\/2025\/04\/groetschel_text-bildmarke_white.svg","width":480,"height":143,"caption":"Gr\u00f6tschel GmbH\u2028"},"image":{"@id":"https:\/\/groetschelgruppe.de\/en\/#\/schema\/logo\/image\/"}}]}},"_links":{"self":[{"href":"https:\/\/groetschelgruppe.de\/en\/wp-json\/wp\/v2\/pages\/7973","targetHints":{"allow":["GET"]}}],"collection":[{"href":"https:\/\/groetschelgruppe.de\/en\/wp-json\/wp\/v2\/pages"}],"about":[{"href":"https:\/\/groetschelgruppe.de\/en\/wp-json\/wp\/v2\/types\/page"}],"author":[{"embeddable":true,"href":"https:\/\/groetschelgruppe.de\/en\/wp-json\/wp\/v2\/users\/2"}],"replies":[{"embeddable":true,"href":"https:\/\/groetschelgruppe.de\/en\/wp-json\/wp\/v2\/comments?post=7973"}],"version-history":[{"count":1,"href":"https:\/\/groetschelgruppe.de\/en\/wp-json\/wp\/v2\/pages\/7973\/revisions"}],"predecessor-version":[{"id":7981,"href":"https:\/\/groetschelgruppe.de\/en\/wp-json\/wp\/v2\/pages\/7973\/revisions\/7981"}],"wp:featuredmedia":[{"embeddable":true,"href":"https:\/\/groetschelgruppe.de\/en\/wp-json\/wp\/v2\/media\/7977"}],"wp:attachment":[{"href":"https:\/\/groetschelgruppe.de\/en\/wp-json\/wp\/v2\/media?parent=7973"}],"curies":[{"name":"wp","href":"https:\/\/api.w.org\/{rel}","templated":true}]}}